{"id":54,"date":"2024-02-04T20:20:07","date_gmt":"2024-02-04T19:20:07","guid":{"rendered":"https:\/\/gelatsalafresca.com\/?page_id=54"},"modified":"2025-04-03T08:20:54","modified_gmt":"2025-04-03T06:20:54","slug":"gelat","status":"publish","type":"page","link":"https:\/\/gelatsalafresca.com\/ca\/helados-emporda\/","title":{"rendered":"Helado"},"content":{"rendered":"<div data-elementor-type=\"wp-page\" data-elementor-id=\"54\" class=\"elementor elementor-54\" data-elementor-post-type=\"page\">\n\t\t\t\t<div data-dce-background-image-url=\"https:\/\/gelatsalafresca.com\/wp-content\/uploads\/2024\/02\/Sin-titulo-89.png\" class=\"elementor-element elementor-element-17facc7 e-con-full e-flex e-con e-parent\" data-id=\"17facc7\" data-element_type=\"container\" data-e-type=\"container\" data-settings=\"{&quot;background_background&quot;:&quot;classic&quot;}\">\n\t\t\t\t<div class=\"elementor-element elementor-element-89f5b9a elementor-widget elementor-widget-heading\" data-id=\"89f5b9a\" data-element_type=\"widget\" data-e-type=\"widget\" data-widget_type=\"heading.default\">\n\t\t\t\t<div class=\"elementor-widget-container\">\n\t\t\t\t\t<h1 class=\"elementor-heading-title elementor-size-default\">Gelats de l'Empord\u00e0<\/h1>\t\t\t\t<\/div>\n\t\t\t\t<\/div>\n\t\t<div class=\"elementor-element elementor-element-f93c3fb e-con-full e-flex e-con e-child\" data-id=\"f93c3fb\" data-element_type=\"container\" data-e-type=\"container\" data-settings=\"{&quot;background_background&quot;:&quot;classic&quot;}\">\n\t\t\t\t<div class=\"elementor-element elementor-element-a170f33 elementor-widget elementor-widget-text-editor\" data-id=\"a170f33\" data-element_type=\"widget\" data-e-type=\"widget\" data-widget_type=\"text-editor.default\">\n\t\t\t\t<div class=\"elementor-widget-container\">\n\t\t\t\t\t\t\t\t\t<p><span style=\"font-family: -apple-system, BlinkMacSystemFont, 'Segoe UI', Roboto, 'Helvetica Neue', Arial, 'Noto Sans', sans-serif, 'Apple Color Emoji', 'Segoe UI Emoji', 'Segoe UI Symbol', 'Noto Color Emoji';\">Fem els nostres gelats a l'Empord\u00e0, el cor de la nostra producci\u00f3.<\/span><\/p><p><span style=\"font-family: -apple-system, BlinkMacSystemFont, 'Segoe UI', Roboto, 'Helvetica Neue', Arial, 'Noto Sans', sans-serif, 'Apple Color Emoji', 'Segoe UI Emoji', 'Segoe UI Symbol', 'Noto Color Emoji';\">Treballem amb mat\u00e8ries primeres seleccionades, aconseguint gelats que destaquen per la seva intensitat i naturalitat.<\/span><\/p>\t\t\t\t\t\t\t\t<\/div>\n\t\t\t\t<\/div>\n\t\t\t\t<\/div>\n\t\t\t\t<\/div>\n\t\t<div class=\"elementor-element elementor-element-ba8742d e-con-full e-flex e-con e-parent\" data-id=\"ba8742d\" data-element_type=\"container\" data-e-type=\"container\" data-settings=\"{&quot;background_background&quot;:&quot;classic&quot;}\">\n\t\t<div data-dce-background-image-url=\"https:\/\/gelatsalafresca.com\/wp-content\/uploads\/2024\/02\/image-1.png\" class=\"elementor-element elementor-element-045adcb e-con-full elementor-hidden-mobile e-flex e-con e-child\" data-id=\"045adcb\" data-element_type=\"container\" data-e-type=\"container\" data-settings=\"{&quot;background_background&quot;:&quot;classic&quot;,&quot;position&quot;:&quot;absolute&quot;}\">\n\t\t\t\t<\/div>\n\t\t<div data-dce-background-image-url=\"https:\/\/gelatsalafresca.com\/wp-content\/uploads\/2024\/02\/Neucream_entrega_16-Photoroom.png-Photoroom.png\" class=\"elementor-element elementor-element-3756674 e-con-full e-flex e-con e-child\" data-id=\"3756674\" data-element_type=\"container\" data-e-type=\"container\" data-settings=\"{&quot;background_background&quot;:&quot;classic&quot;,&quot;position&quot;:&quot;absolute&quot;}\">\n\t\t\t\t<\/div>\n\t\t<div class=\"elementor-element elementor-element-e153c9b e-con-full e-flex e-con e-child\" data-id=\"e153c9b\" data-element_type=\"container\" data-e-type=\"container\" data-settings=\"{&quot;background_background&quot;:&quot;classic&quot;,&quot;motion_fx_motion_fx_mouse&quot;:&quot;yes&quot;,&quot;motion_fx_tilt_effect&quot;:&quot;yes&quot;,&quot;motion_fx_tilt_speed&quot;:{&quot;unit&quot;:&quot;px&quot;,&quot;size&quot;:2,&quot;sizes&quot;:[]}}\">\n\t\t\t\t<div class=\"elementor-element elementor-element-c26ba53 elementor-widget elementor-widget-heading\" data-id=\"c26ba53\" data-element_type=\"widget\" data-e-type=\"widget\" data-widget_type=\"heading.default\">\n\t\t\t\t<div class=\"elementor-widget-container\">\n\t\t\t\t\t<h2 class=\"elementor-heading-title elementor-size-default\">Qualitat i proximitat<\/h2>\t\t\t\t<\/div>\n\t\t\t\t<\/div>\n\t\t\t\t<div class=\"elementor-element elementor-element-2c63b01 elementor-widget elementor-widget-text-editor\" data-id=\"2c63b01\" data-element_type=\"widget\" data-e-type=\"widget\" data-widget_type=\"text-editor.default\">\n\t\t\t\t<div class=\"elementor-widget-container\">\n\t\t\t\t\t\t\t\t\t<p>A Gelats Alafresca, creiem que un bon gelat comen\u00e7a amb ingredients de qualitat. Per aix\u00f2, ens preocupem per mantenir la puresa de cada sabor.<\/p><p>I sense additius innecessaris, perqu\u00e8 cada cullerada sigui una experi\u00e8ncia aut\u00e8ntica i deliciosa.<\/p>\t\t\t\t\t\t\t\t<\/div>\n\t\t\t\t<\/div>\n\t\t\t\t<div data-dce-background-color=\"#000000\" class=\"elementor-element elementor-element-e328210 elementor-align-center elementor-widget elementor-widget-button\" data-id=\"e328210\" data-element_type=\"widget\" data-e-type=\"widget\" data-widget_type=\"button.default\">\n\t\t\t\t<div class=\"elementor-widget-container\">\n\t\t\t\t\t\t\t\t\t<div class=\"elementor-button-wrapper\">\n\t\t\t\t\t<a class=\"elementor-button elementor-button-link elementor-size-sm\" href=\"https:\/\/gelatsalafresca.com\/ca\/helados-emporda\/\">\n\t\t\t\t\t\t<span class=\"elementor-button-content-wrapper\">\n\t\t\t\t\t\t\t\t\t<span class=\"elementor-button-text\">descobreix-los<\/span>\n\t\t\t\t\t<\/span>\n\t\t\t\t\t<\/a>\n\t\t\t\t<\/div>\n\t\t\t\t\t\t\t\t<\/div>\n\t\t\t\t<\/div>\n\t\t\t\t<\/div>\n\t\t\t\t<\/div>\n\t\t<div data-dce-background-image-url=\"https:\/\/gelatsalafresca.com\/wp-content\/uploads\/2024\/02\/fondo-helado.png\" class=\"elementor-element elementor-element-6995d4b e-con-full e-flex e-con e-parent\" data-id=\"6995d4b\" data-element_type=\"container\" data-e-type=\"container\" data-settings=\"{&quot;background_background&quot;:&quot;classic&quot;}\">\n\t\t<div class=\"elementor-element elementor-element-a2ca70d e-con-full e-flex e-con e-child\" data-id=\"a2ca70d\" data-element_type=\"container\" data-e-type=\"container\" data-settings=\"{&quot;background_background&quot;:&quot;classic&quot;}\">\n\t\t\t\t<div class=\"elementor-element elementor-element-242f606 elementor-widget elementor-widget-heading\" data-id=\"242f606\" data-element_type=\"widget\" data-e-type=\"widget\" data-widget_type=\"heading.default\">\n\t\t\t\t<div class=\"elementor-widget-container\">\n\t\t\t\t\t<h3 class=\"elementor-heading-title elementor-size-default\">T'agradaria tastar els nostres gelats?<\/h3>\t\t\t\t<\/div>\n\t\t\t\t<\/div>\n\t\t\t\t<div class=\"elementor-element elementor-element-eee3a30 elementor-widget elementor-widget-text-editor\" data-id=\"eee3a30\" data-element_type=\"widget\" data-e-type=\"widget\" data-widget_type=\"text-editor.default\">\n\t\t\t\t<div class=\"elementor-widget-container\">\n\t\t\t\t\t\t\t\t\t<p><span style=\"font-weight: 400;\">Des de la nostra f\u00e0brica de l'Empord\u00e0, t'oferim \nun sabor aut\u00e8ntic i artesanal pel teu negoci, Gelats Alafresca \u00e9s la teva millor opci\u00f3. Descobreix una proposta natural, deliciosa i de qualitat.<\/span><\/p>\t\t\t\t\t\t\t\t<\/div>\n\t\t\t\t<\/div>\n\t\t\t\t<div data-dce-background-color=\"#000000\" class=\"elementor-element elementor-element-f3f59f9 elementor-align-center elementor-widget elementor-widget-button\" data-id=\"f3f59f9\" data-element_type=\"widget\" data-e-type=\"widget\" data-widget_type=\"button.default\">\n\t\t\t\t<div class=\"elementor-widget-container\">\n\t\t\t\t\t\t\t\t\t<div class=\"elementor-button-wrapper\">\n\t\t\t\t\t<a class=\"elementor-button elementor-button-link elementor-size-sm\" href=\"https:\/\/gelatsalafresca.com\/ca\/contacto\/\">\n\t\t\t\t\t\t<span class=\"elementor-button-content-wrapper\">\n\t\t\t\t\t\t\t\t\t<span class=\"elementor-button-text\">contacta'ns<\/span>\n\t\t\t\t\t<\/span>\n\t\t\t\t\t<\/a>\n\t\t\t\t<\/div>\n\t\t\t\t\t\t\t\t<\/div>\n\t\t\t\t<\/div>\n\t\t\t\t<\/div>\n\t\t\t\t<\/div>\n\t\t\t\t<\/div>","protected":false},"excerpt":{"rendered":"<p>Helados del empord\u00e0 Elaboramos nuestros helados en el Empord\u00e0, el coraz\u00f3n de nuestra producci\u00f3n. Trabajamos con materias primas seleccionadas, consiguiendo helados que destacan por su intensidad y naturalidad. Calidad y proximidad En Gelats Alafresca, creemos que un buen helado empieza con ingredientes de calidad. Por eso, nos preocupamos por mantener la pureza de cada sabor. [&hellip;]<\/p>\n","protected":false},"author":1,"featured_media":0,"parent":0,"menu_order":0,"comment_status":"closed","ping_status":"closed","template":"elementor_header_footer","meta":{"footnotes":""},"class_list":["post-54","page","type-page","status-publish","hentry"],"yoast_head":"<!-- This site is optimized with the Yoast SEO plugin v27.5 - https:\/\/yoast.com\/product\/yoast-seo-wordpress\/ -->\n<title>Los mejores helados del Empord\u00e0 | Gelats Alafresca<\/title>\n<meta name=\"description\" content=\"Saborea los mejores helados del Empord\u00e0. Disfruta de nuestras recetas tradicionales y sabores \u00fanicos. \u00a1Pru\u00e9balos!\" \/>\n<meta name=\"robots\" content=\"index, follow, max-snippet:-1, max-image-preview:large, max-video-preview:-1\" \/>\n<link rel=\"canonical\" href=\"https:\/\/gelatsalafresca.com\/ca\/gelat\/\" \/>\n<meta property=\"og:locale\" content=\"ca_ES\" \/>\n<meta property=\"og:type\" content=\"article\" \/>\n<meta property=\"og:title\" content=\"Los mejores helados del Empord\u00e0 | Gelats Alafresca\" \/>\n<meta property=\"og:description\" content=\"Saborea los mejores helados del Empord\u00e0. Disfruta de nuestras recetas tradicionales y sabores \u00fanicos. \u00a1Pru\u00e9balos!\" \/>\n<meta property=\"og:url\" content=\"https:\/\/gelatsalafresca.com\/ca\/gelat\/\" \/>\n<meta property=\"og:site_name\" content=\"gelatsalafresca.com\" \/>\n<meta property=\"article:modified_time\" content=\"2025-04-03T06:20:54+00:00\" \/>\n<meta name=\"twitter:card\" content=\"summary_large_image\" \/>\n<script type=\"application\/ld+json\" class=\"yoast-schema-graph\">{\"@context\":\"https:\\\/\\\/schema.org\",\"@graph\":[{\"@type\":\"WebPage\",\"@id\":\"https:\\\/\\\/gelatsalafresca.com\\\/helados-emporda\\\/\",\"url\":\"https:\\\/\\\/gelatsalafresca.com\\\/helados-emporda\\\/\",\"name\":\"Los mejores helados del Empord\u00e0 | Gelats Alafresca\",\"isPartOf\":{\"@id\":\"https:\\\/\\\/gelatsalafresca.com\\\/ca\\\/#website\"},\"datePublished\":\"2024-02-04T19:20:07+00:00\",\"dateModified\":\"2025-04-03T06:20:54+00:00\",\"description\":\"Saborea los mejores helados del Empord\u00e0. Disfruta de nuestras recetas tradicionales y sabores \u00fanicos. \u00a1Pru\u00e9balos!\",\"breadcrumb\":{\"@id\":\"https:\\\/\\\/gelatsalafresca.com\\\/helados-emporda\\\/#breadcrumb\"},\"inLanguage\":\"ca\",\"potentialAction\":[{\"@type\":\"ReadAction\",\"target\":[\"https:\\\/\\\/gelatsalafresca.com\\\/helados-emporda\\\/\"]}]},{\"@type\":\"BreadcrumbList\",\"@id\":\"https:\\\/\\\/gelatsalafresca.com\\\/helados-emporda\\\/#breadcrumb\",\"itemListElement\":[{\"@type\":\"ListItem\",\"position\":1,\"name\":\"Inici\",\"item\":\"https:\\\/\\\/gelatsalafresca.com\\\/ca\\\/\"},{\"@type\":\"ListItem\",\"position\":2,\"name\":\"Helado\"}]},{\"@type\":\"WebSite\",\"@id\":\"https:\\\/\\\/gelatsalafresca.com\\\/ca\\\/#website\",\"url\":\"https:\\\/\\\/gelatsalafresca.com\\\/ca\\\/\",\"name\":\"gelatsalafresca.com\",\"description\":\"Helados artesanos: sabrosos y sin conservantes, hechos a mano con ingredientes locales\",\"potentialAction\":[{\"@type\":\"SearchAction\",\"target\":{\"@type\":\"EntryPoint\",\"urlTemplate\":\"https:\\\/\\\/gelatsalafresca.com\\\/ca\\\/?s={search_term_string}\"},\"query-input\":{\"@type\":\"PropertyValueSpecification\",\"valueRequired\":true,\"valueName\":\"search_term_string\"}}],\"inLanguage\":\"ca\"}]}<\/script>\n<!-- \/ Yoast SEO plugin. -->","yoast_head_json":{"title":"Los mejores helados del Empord\u00e0 | Gelats Alafresca","description":"Saborea los mejores helados del Empord\u00e0. Disfruta de nuestras recetas tradicionales y sabores \u00fanicos. \u00a1Pru\u00e9balos!","robots":{"index":"index","follow":"follow","max-snippet":"max-snippet:-1","max-image-preview":"max-image-preview:large","max-video-preview":"max-video-preview:-1"},"canonical":"https:\/\/gelatsalafresca.com\/ca\/gelat\/","og_locale":"ca_ES","og_type":"article","og_title":"Los mejores helados del Empord\u00e0 | Gelats Alafresca","og_description":"Saborea los mejores helados del Empord\u00e0. Disfruta de nuestras recetas tradicionales y sabores \u00fanicos. \u00a1Pru\u00e9balos!","og_url":"https:\/\/gelatsalafresca.com\/ca\/gelat\/","og_site_name":"gelatsalafresca.com","article_modified_time":"2025-04-03T06:20:54+00:00","twitter_card":"summary_large_image","schema":{"@context":"https:\/\/schema.org","@graph":[{"@type":"WebPage","@id":"https:\/\/gelatsalafresca.com\/helados-emporda\/","url":"https:\/\/gelatsalafresca.com\/helados-emporda\/","name":"Los mejores helados del Empord\u00e0 | Gelats Alafresca","isPartOf":{"@id":"https:\/\/gelatsalafresca.com\/ca\/#website"},"datePublished":"2024-02-04T19:20:07+00:00","dateModified":"2025-04-03T06:20:54+00:00","description":"Saborea los mejores helados del Empord\u00e0. Disfruta de nuestras recetas tradicionales y sabores \u00fanicos. \u00a1Pru\u00e9balos!","breadcrumb":{"@id":"https:\/\/gelatsalafresca.com\/helados-emporda\/#breadcrumb"},"inLanguage":"ca","potentialAction":[{"@type":"ReadAction","target":["https:\/\/gelatsalafresca.com\/helados-emporda\/"]}]},{"@type":"BreadcrumbList","@id":"https:\/\/gelatsalafresca.com\/helados-emporda\/#breadcrumb","itemListElement":[{"@type":"ListItem","position":1,"name":"Inici","item":"https:\/\/gelatsalafresca.com\/ca\/"},{"@type":"ListItem","position":2,"name":"Helado"}]},{"@type":"WebSite","@id":"https:\/\/gelatsalafresca.com\/ca\/#website","url":"https:\/\/gelatsalafresca.com\/ca\/","name":"gelatsalafresca.com","description":"Gelats artesans: saborosos i sense conservants, fets a m\u00e0 amb ingredients locals","potentialAction":[{"@type":"SearchAction","target":{"@type":"EntryPoint","urlTemplate":"https:\/\/gelatsalafresca.com\/ca\/?s={search_term_string}"},"query-input":{"@type":"PropertyValueSpecification","valueRequired":true,"valueName":"search_term_string"}}],"inLanguage":"ca"}]}},"_links":{"self":[{"href":"https:\/\/gelatsalafresca.com\/ca\/wp-json\/wp\/v2\/pages\/54","targetHints":{"allow":["GET"]}}],"collection":[{"href":"https:\/\/gelatsalafresca.com\/ca\/wp-json\/wp\/v2\/pages"}],"about":[{"href":"https:\/\/gelatsalafresca.com\/ca\/wp-json\/wp\/v2\/types\/page"}],"author":[{"embeddable":true,"href":"https:\/\/gelatsalafresca.com\/ca\/wp-json\/wp\/v2\/users\/1"}],"replies":[{"embeddable":true,"href":"https:\/\/gelatsalafresca.com\/ca\/wp-json\/wp\/v2\/comments?post=54"}],"version-history":[{"count":190,"href":"https:\/\/gelatsalafresca.com\/ca\/wp-json\/wp\/v2\/pages\/54\/revisions"}],"predecessor-version":[{"id":1690,"href":"https:\/\/gelatsalafresca.com\/ca\/wp-json\/wp\/v2\/pages\/54\/revisions\/1690"}],"wp:attachment":[{"href":"https:\/\/gelatsalafresca.com\/ca\/wp-json\/wp\/v2\/media?parent=54"}],"curies":[{"name":"wp","href":"https:\/\/api.w.org\/{rel}","templated":true}]}}